{"id":23668,"date":"2019-05-14T20:15:40","date_gmt":"2019-05-14T19:15:40","guid":{"rendered":"https:\/\/www.jecoursqc.com\/quebec-city-marathon\/resultats\/"},"modified":"2025-09-22T14:30:52","modified_gmt":"2025-09-22T13:30:52","slug":"results","status":"publish","type":"page","link":"https:\/\/www.jecoursqc.com\/en\/beneva-quebec-city-marathon-presented-by-montellier\/results\/","title":{"rendered":"Results"},"content":{"rendered":"<p>Temps officiel<\/p>\n<ul>\n<li><span style=\"font-style: inherit !important; font-weight: inherit !important;\">C\u2019est le temps \u00e0 partir du coup de pistolet (gun time). C\u2019est le temps qui s\u2019\u00e9coule sur l\u2019horloge, \u00e0 partir du d\u00e9but de la course.<\/span><\/li>\n<\/ul>\n<p><span style=\"font-style: inherit !important; font-weight: inherit !important;\">Chip time<\/span><\/p>\n<ul>\n<li><span style=\"font-style: inherit !important; font-weight: inherit !important;\">C\u2019est le temps \u00e0 partir du moment que le participant franchit la ligne de d\u00e9part et que la puce sur son dossard est d\u00e9clench\u00e9e (chip time). \u00c0 moins d\u2019\u00eatre sur la premi\u00e8re ligne de la course, il y a forc\u00e9ment une diff\u00e9rence entre le temps officiel et le chip time.<\/span><\/li>\n<\/ul>\n<p>&nbsp;<\/p>\n","protected":false},"excerpt":{"rendered":"Temps officiel C\u2019est le temps \u00e0 partir du coup de pistolet (gun time). C\u2019est le temps qui s\u2019\u00e9coule sur l\u2019horloge, \u00e0 partir du d\u00e9but de la course. Chip time C\u2019est le temps \u00e0 partir du moment que le participant franchit la ligne de d\u00e9part et que la puce sur son dossard est d\u00e9clench\u00e9e (chip time)&#8230;. <a class=\"view-article\" href=\"https:\/\/www.jecoursqc.com\/en\/beneva-quebec-city-marathon-presented-by-montellier\/results\/\">View Article<\/a>","protected":false},"author":2,"featured_media":0,"parent":588,"menu_order":92,"comment_status":"closed","ping_status":"closed","template":"template-course.php","meta":[],"acf":[],"yoast_head":"<!-- This site is optimized with the Yoast SEO plugin v19.10 - https:\/\/yoast.com\/wordpress\/plugins\/seo\/ -->\n<title>Results - Beneva Quebec City Marathon<\/title>\n<meta name=\"description\" content=\"Easily access the results of the various races of the Beneva Quebec City Marathon.\" \/>\n<meta name=\"robots\" content=\"index, follow, max-snippet:-1, max-image-preview:large, max-video-preview:-1\" \/>\n<link rel=\"canonical\" href=\"https:\/\/www.jecoursqc.com\/en\/beneva-quebec-city-marathon-presented-by-montellier\/results\/\" \/>\n<meta property=\"og:locale\" content=\"en_US\" \/>\n<meta property=\"og:type\" content=\"article\" \/>\n<meta property=\"og:title\" content=\"Results - Beneva Quebec City Marathon\" \/>\n<meta property=\"og:description\" content=\"Easily access the results of the various races of the Beneva Quebec City Marathon.\" \/>\n<meta property=\"og:url\" content=\"https:\/\/www.jecoursqc.com\/en\/beneva-quebec-city-marathon-presented-by-montellier\/results\/\" \/>\n<meta property=\"og:site_name\" content=\"Je Cours Qc\" \/>\n<meta property=\"article:publisher\" content=\"https:\/\/www.facebook.com\/jecoursqc\/\" \/>\n<meta property=\"article:modified_time\" content=\"2025-09-22T13:30:52+00:00\" \/>\n<meta property=\"og:image\" content=\"https:\/\/www.jecoursqc.com\/wp-content\/uploads\/2017\/03\/logo-jecoursqc-600x314.png\" \/>\n<meta name=\"twitter:card\" content=\"summary_large_image\" \/>\n<meta name=\"twitter:site\" content=\"@jecoursqc\" \/>\n<script type=\"application\/ld+json\" class=\"yoast-schema-graph\">{\"@context\":\"https:\/\/schema.org\",\"@graph\":[{\"@type\":\"WebPage\",\"@id\":\"https:\/\/www.jecoursqc.com\/en\/beneva-quebec-city-marathon-presented-by-montellier\/results\/\",\"url\":\"https:\/\/www.jecoursqc.com\/en\/beneva-quebec-city-marathon-presented-by-montellier\/results\/\",\"name\":\"Results - Beneva Quebec City Marathon\",\"isPartOf\":{\"@id\":\"https:\/\/www.jecoursqc.com\/#website\"},\"datePublished\":\"2019-05-14T19:15:40+00:00\",\"dateModified\":\"2025-09-22T13:30:52+00:00\",\"description\":\"Easily access the results of the various races of the Beneva Quebec City Marathon.\",\"breadcrumb\":{\"@id\":\"https:\/\/www.jecoursqc.com\/en\/beneva-quebec-city-marathon-presented-by-montellier\/results\/#breadcrumb\"},\"inLanguage\":\"en-US\",\"potentialAction\":[{\"@type\":\"ReadAction\",\"target\":[\"https:\/\/www.jecoursqc.com\/en\/beneva-quebec-city-marathon-presented-by-montellier\/results\/\"]}]},{\"@type\":\"BreadcrumbList\",\"@id\":\"https:\/\/www.jecoursqc.com\/en\/beneva-quebec-city-marathon-presented-by-montellier\/results\/#breadcrumb\",\"itemListElement\":[{\"@type\":\"ListItem\",\"position\":1,\"name\":\"Home\",\"item\":\"https:\/\/www.jecoursqc.com\/en\/\"},{\"@type\":\"ListItem\",\"position\":2,\"name\":\"Beneva Quebec City Marathon presented by Brunet\",\"item\":\"https:\/\/www.jecoursqc.com\/en\/beneva-quebec-city-marathon-presented-by-montellier\/\"},{\"@type\":\"ListItem\",\"position\":3,\"name\":\"Results\"}]},{\"@type\":\"WebSite\",\"@id\":\"https:\/\/www.jecoursqc.com\/#website\",\"url\":\"https:\/\/www.jecoursqc.com\/\",\"name\":\"Je Cours Qc\",\"description\":\"Push your limits, join the race!\",\"potentialAction\":[{\"@type\":\"SearchAction\",\"target\":{\"@type\":\"EntryPoint\",\"urlTemplate\":\"https:\/\/www.jecoursqc.com\/?s={search_term_string}\"},\"query-input\":\"required name=search_term_string\"}],\"inLanguage\":\"en-US\"}]}<\/script>\n<!-- \/ Yoast SEO plugin. -->","yoast_head_json":{"title":"Results - Beneva Quebec City Marathon","description":"Easily access the results of the various races of the Beneva Quebec City Marathon.","robots":{"index":"index","follow":"follow","max-snippet":"max-snippet:-1","max-image-preview":"max-image-preview:large","max-video-preview":"max-video-preview:-1"},"canonical":"https:\/\/www.jecoursqc.com\/en\/beneva-quebec-city-marathon-presented-by-montellier\/results\/","og_locale":"en_US","og_type":"article","og_title":"Results - Beneva Quebec City Marathon","og_description":"Easily access the results of the various races of the Beneva Quebec City Marathon.","og_url":"https:\/\/www.jecoursqc.com\/en\/beneva-quebec-city-marathon-presented-by-montellier\/results\/","og_site_name":"Je Cours Qc","article_publisher":"https:\/\/www.facebook.com\/jecoursqc\/","article_modified_time":"2025-09-22T13:30:52+00:00","og_image":[{"url":"https:\/\/www.jecoursqc.com\/wp-content\/uploads\/2017\/03\/logo-jecoursqc-600x314.png"}],"twitter_card":"summary_large_image","twitter_site":"@jecoursqc","schema":{"@context":"https:\/\/schema.org","@graph":[{"@type":"WebPage","@id":"https:\/\/www.jecoursqc.com\/en\/beneva-quebec-city-marathon-presented-by-montellier\/results\/","url":"https:\/\/www.jecoursqc.com\/en\/beneva-quebec-city-marathon-presented-by-montellier\/results\/","name":"Results - Beneva Quebec City Marathon","isPartOf":{"@id":"https:\/\/www.jecoursqc.com\/#website"},"datePublished":"2019-05-14T19:15:40+00:00","dateModified":"2025-09-22T13:30:52+00:00","description":"Easily access the results of the various races of the Beneva Quebec City Marathon.","breadcrumb":{"@id":"https:\/\/www.jecoursqc.com\/en\/beneva-quebec-city-marathon-presented-by-montellier\/results\/#breadcrumb"},"inLanguage":"en-US","potentialAction":[{"@type":"ReadAction","target":["https:\/\/www.jecoursqc.com\/en\/beneva-quebec-city-marathon-presented-by-montellier\/results\/"]}]},{"@type":"BreadcrumbList","@id":"https:\/\/www.jecoursqc.com\/en\/beneva-quebec-city-marathon-presented-by-montellier\/results\/#breadcrumb","itemListElement":[{"@type":"ListItem","position":1,"name":"Home","item":"https:\/\/www.jecoursqc.com\/en\/"},{"@type":"ListItem","position":2,"name":"Beneva Quebec City Marathon presented by Brunet","item":"https:\/\/www.jecoursqc.com\/en\/beneva-quebec-city-marathon-presented-by-montellier\/"},{"@type":"ListItem","position":3,"name":"Results"}]},{"@type":"WebSite","@id":"https:\/\/www.jecoursqc.com\/#website","url":"https:\/\/www.jecoursqc.com\/","name":"Je Cours Qc","description":"Push your limits, join the race!","potentialAction":[{"@type":"SearchAction","target":{"@type":"EntryPoint","urlTemplate":"https:\/\/www.jecoursqc.com\/?s={search_term_string}"},"query-input":"required name=search_term_string"}],"inLanguage":"en-US"}]}},"_links":{"self":[{"href":"https:\/\/www.jecoursqc.com\/en\/wp-json\/wp\/v2\/pages\/23668"}],"collection":[{"href":"https:\/\/www.jecoursqc.com\/en\/wp-json\/wp\/v2\/pages"}],"about":[{"href":"https:\/\/www.jecoursqc.com\/en\/wp-json\/wp\/v2\/types\/page"}],"author":[{"embeddable":true,"href":"https:\/\/www.jecoursqc.com\/en\/wp-json\/wp\/v2\/users\/2"}],"replies":[{"embeddable":true,"href":"https:\/\/www.jecoursqc.com\/en\/wp-json\/wp\/v2\/comments?post=23668"}],"version-history":[{"count":3,"href":"https:\/\/www.jecoursqc.com\/en\/wp-json\/wp\/v2\/pages\/23668\/revisions"}],"predecessor-version":[{"id":32025,"href":"https:\/\/www.jecoursqc.com\/en\/wp-json\/wp\/v2\/pages\/23668\/revisions\/32025"}],"up":[{"embeddable":true,"href":"https:\/\/www.jecoursqc.com\/en\/wp-json\/wp\/v2\/pages\/588"}],"wp:attachment":[{"href":"https:\/\/www.jecoursqc.com\/en\/wp-json\/wp\/v2\/media?parent=23668"}],"curies":[{"name":"wp","href":"https:\/\/api.w.org\/{rel}","templated":true}]}}