{"id":14398,"date":"2021-07-26T21:13:44","date_gmt":"2021-07-26T20:13:44","guid":{"rendered":"https:\/\/www.jecoursqc.com\/guide-sanitaire\/"},"modified":"2021-08-23T15:35:39","modified_gmt":"2021-08-23T14:35:39","slug":"guide-sanitaire","status":"publish","type":"page","link":"https:\/\/www.jecoursqc.com\/en\/guide-sanitaire\/","title":{"rendered":"Guide sanitaire"},"content":{"rendered":"\n<p>Le Demi-Marathon de L\u00e9vis arrive \u00e0 grand pas! &#x1f3c3;<\/p>\n<p>Pour te rassurer que la Covid-19 ne sera pas du peloton de d\u00e9part, nous avons revu tous les aspects de l\u2019\u00e9v\u00e9nement afin de le rendre le plus s\u00e9curitaire possible. Ton exp\u00e9rience sera m\u00e9morable et sans risque!<\/p>\n<p>Un guide sanitaire a \u00e9t\u00e9 r\u00e9dig\u00e9 en se basant sur les recommandations de la F\u00e9d\u00e9ration qu\u00e9b\u00e9coise d\u2019athl\u00e9tisme et les Directives de sant\u00e9 publique pour les activit\u00e9s et \u00e9v\u00e9nements publics ext\u00e9rieurs.<\/p>\n<p>Consulte le guide sanitaire complet ici &#x1f447;<\/p>\n<p style=\"text-align: center;\"><a class=\"btn-shadow externe\" title=\"S\u2019ouvre dans une nouvelle fen\u00eatre.\" href=\"https:\/\/raceroster.com\/events\/2021\/37614\/demi-marathon-de-levis?locale=en_US\" target=\"_blank\" rel=\"noopener noreferrer\">GUIDE SANITAIRE<\/a><\/p>\n","protected":false},"excerpt":{"rendered":"Le Demi-Marathon de L\u00e9vis arrive \u00e0 grand pas! &#x1f3c3; Pour te rassurer que la Covid-19 ne sera pas du peloton de d\u00e9part, nous avons revu tous les aspects de l\u2019\u00e9v\u00e9nement afin de le rendre le plus s\u00e9curitaire possible. Ton exp\u00e9rience sera m\u00e9morable et sans risque! Un guide sanitaire a \u00e9t\u00e9 r\u00e9dig\u00e9 en se basant sur&#8230; <a class=\"view-article\" href=\"https:\/\/www.jecoursqc.com\/en\/guide-sanitaire\/\">View Article<\/a>","protected":false},"author":2,"featured_media":0,"parent":0,"menu_order":79,"comment_status":"closed","ping_status":"closed","template":"","meta":[],"acf":[],"yoast_head":"<!-- This site is optimized with the Yoast SEO plugin v19.10 - https:\/\/yoast.com\/wordpress\/plugins\/seo\/ -->\n<title>Guide sanitaire - Je Cours Qc<\/title>\n<meta name=\"robots\" content=\"index, follow, max-snippet:-1, max-image-preview:large, max-video-preview:-1\" \/>\n<link rel=\"canonical\" href=\"https:\/\/www.jecoursqc.com\/en\/guide-sanitaire\/\" \/>\n<meta property=\"og:locale\" content=\"en_US\" \/>\n<meta property=\"og:type\" content=\"article\" \/>\n<meta property=\"og:title\" content=\"Guide sanitaire - Je Cours Qc\" \/>\n<meta property=\"og:description\" content=\"Le Demi-Marathon de L\u00e9vis arrive \u00e0 grand pas! &#x1f3c3; Pour te rassurer que la Covid-19 ne sera pas du peloton de d\u00e9part, nous avons revu tous les aspects de l\u2019\u00e9v\u00e9nement afin de le rendre le plus s\u00e9curitaire possible. Ton exp\u00e9rience sera m\u00e9morable et sans risque! Un guide sanitaire a \u00e9t\u00e9 r\u00e9dig\u00e9 en se basant sur... View Article\" \/>\n<meta property=\"og:url\" content=\"https:\/\/www.jecoursqc.com\/en\/guide-sanitaire\/\" \/>\n<meta property=\"og:site_name\" content=\"Je Cours Qc\" \/>\n<meta property=\"article:publisher\" content=\"https:\/\/www.facebook.com\/jecoursqc\/\" \/>\n<meta property=\"article:modified_time\" content=\"2021-08-23T14:35:39+00:00\" \/>\n<meta property=\"og:image\" content=\"https:\/\/www.jecoursqc.com\/wp-content\/uploads\/2017\/03\/logo-jecoursqc-600x314.png\" \/>\n<meta name=\"twitter:card\" content=\"summary_large_image\" \/>\n<meta name=\"twitter:site\" content=\"@jecoursqc\" \/>\n<meta name=\"twitter:label1\" content=\"Est. reading time\" \/>\n\t<meta name=\"twitter:data1\" content=\"1 minute\" \/>\n<script type=\"application\/ld+json\" class=\"yoast-schema-graph\">{\"@context\":\"https:\/\/schema.org\",\"@graph\":[{\"@type\":\"WebPage\",\"@id\":\"https:\/\/www.jecoursqc.com\/en\/guide-sanitaire\/\",\"url\":\"https:\/\/www.jecoursqc.com\/en\/guide-sanitaire\/\",\"name\":\"Guide sanitaire - Je Cours Qc\",\"isPartOf\":{\"@id\":\"https:\/\/www.jecoursqc.com\/#website\"},\"datePublished\":\"2021-07-26T20:13:44+00:00\",\"dateModified\":\"2021-08-23T14:35:39+00:00\",\"breadcrumb\":{\"@id\":\"https:\/\/www.jecoursqc.com\/en\/guide-sanitaire\/#breadcrumb\"},\"inLanguage\":\"en-US\",\"potentialAction\":[{\"@type\":\"ReadAction\",\"target\":[\"https:\/\/www.jecoursqc.com\/en\/guide-sanitaire\/\"]}]},{\"@type\":\"BreadcrumbList\",\"@id\":\"https:\/\/www.jecoursqc.com\/en\/guide-sanitaire\/#breadcrumb\",\"itemListElement\":[{\"@type\":\"ListItem\",\"position\":1,\"name\":\"Home\",\"item\":\"https:\/\/www.jecoursqc.com\/en\/\"},{\"@type\":\"ListItem\",\"position\":2,\"name\":\"Guide sanitaire\"}]},{\"@type\":\"WebSite\",\"@id\":\"https:\/\/www.jecoursqc.com\/#website\",\"url\":\"https:\/\/www.jecoursqc.com\/\",\"name\":\"Je Cours Qc\",\"description\":\"Push your limits, join the race!\",\"potentialAction\":[{\"@type\":\"SearchAction\",\"target\":{\"@type\":\"EntryPoint\",\"urlTemplate\":\"https:\/\/www.jecoursqc.com\/?s={search_term_string}\"},\"query-input\":\"required name=search_term_string\"}],\"inLanguage\":\"en-US\"}]}<\/script>\n<!-- \/ Yoast SEO plugin. -->","yoast_head_json":{"title":"Guide sanitaire - Je Cours Qc","robots":{"index":"index","follow":"follow","max-snippet":"max-snippet:-1","max-image-preview":"max-image-preview:large","max-video-preview":"max-video-preview:-1"},"canonical":"https:\/\/www.jecoursqc.com\/en\/guide-sanitaire\/","og_locale":"en_US","og_type":"article","og_title":"Guide sanitaire - Je Cours Qc","og_description":"Le Demi-Marathon de L\u00e9vis arrive \u00e0 grand pas! &#x1f3c3; Pour te rassurer que la Covid-19 ne sera pas du peloton de d\u00e9part, nous avons revu tous les aspects de l\u2019\u00e9v\u00e9nement afin de le rendre le plus s\u00e9curitaire possible. Ton exp\u00e9rience sera m\u00e9morable et sans risque! Un guide sanitaire a \u00e9t\u00e9 r\u00e9dig\u00e9 en se basant sur... View Article","og_url":"https:\/\/www.jecoursqc.com\/en\/guide-sanitaire\/","og_site_name":"Je Cours Qc","article_publisher":"https:\/\/www.facebook.com\/jecoursqc\/","article_modified_time":"2021-08-23T14:35:39+00:00","og_image":[{"url":"https:\/\/www.jecoursqc.com\/wp-content\/uploads\/2017\/03\/logo-jecoursqc-600x314.png"}],"twitter_card":"summary_large_image","twitter_site":"@jecoursqc","twitter_misc":{"Est. reading time":"1 minute"},"schema":{"@context":"https:\/\/schema.org","@graph":[{"@type":"WebPage","@id":"https:\/\/www.jecoursqc.com\/en\/guide-sanitaire\/","url":"https:\/\/www.jecoursqc.com\/en\/guide-sanitaire\/","name":"Guide sanitaire - Je Cours Qc","isPartOf":{"@id":"https:\/\/www.jecoursqc.com\/#website"},"datePublished":"2021-07-26T20:13:44+00:00","dateModified":"2021-08-23T14:35:39+00:00","breadcrumb":{"@id":"https:\/\/www.jecoursqc.com\/en\/guide-sanitaire\/#breadcrumb"},"inLanguage":"en-US","potentialAction":[{"@type":"ReadAction","target":["https:\/\/www.jecoursqc.com\/en\/guide-sanitaire\/"]}]},{"@type":"BreadcrumbList","@id":"https:\/\/www.jecoursqc.com\/en\/guide-sanitaire\/#breadcrumb","itemListElement":[{"@type":"ListItem","position":1,"name":"Home","item":"https:\/\/www.jecoursqc.com\/en\/"},{"@type":"ListItem","position":2,"name":"Guide sanitaire"}]},{"@type":"WebSite","@id":"https:\/\/www.jecoursqc.com\/#website","url":"https:\/\/www.jecoursqc.com\/","name":"Je Cours Qc","description":"Push your limits, join the race!","potentialAction":[{"@type":"SearchAction","target":{"@type":"EntryPoint","urlTemplate":"https:\/\/www.jecoursqc.com\/?s={search_term_string}"},"query-input":"required name=search_term_string"}],"inLanguage":"en-US"}]}},"_links":{"self":[{"href":"https:\/\/www.jecoursqc.com\/en\/wp-json\/wp\/v2\/pages\/14398"}],"collection":[{"href":"https:\/\/www.jecoursqc.com\/en\/wp-json\/wp\/v2\/pages"}],"about":[{"href":"https:\/\/www.jecoursqc.com\/en\/wp-json\/wp\/v2\/types\/page"}],"author":[{"embeddable":true,"href":"https:\/\/www.jecoursqc.com\/en\/wp-json\/wp\/v2\/users\/2"}],"replies":[{"embeddable":true,"href":"https:\/\/www.jecoursqc.com\/en\/wp-json\/wp\/v2\/comments?post=14398"}],"version-history":[{"count":6,"href":"https:\/\/www.jecoursqc.com\/en\/wp-json\/wp\/v2\/pages\/14398\/revisions"}],"predecessor-version":[{"id":14589,"href":"https:\/\/www.jecoursqc.com\/en\/wp-json\/wp\/v2\/pages\/14398\/revisions\/14589"}],"wp:attachment":[{"href":"https:\/\/www.jecoursqc.com\/en\/wp-json\/wp\/v2\/media?parent=14398"}],"curies":[{"name":"wp","href":"https:\/\/api.w.org\/{rel}","templated":true}]}}