{"id":13609,"date":"2020-12-07T23:12:03","date_gmt":"2020-12-07T22:12:03","guid":{"rendered":"https:\/\/www.jecoursqc.com\/cause-associee\/"},"modified":"2025-12-02T21:27:42","modified_gmt":"2025-12-02T20:27:42","slug":"associated-causes","status":"publish","type":"page","link":"https:\/\/www.jecoursqc.com\/en\/associated-causes\/","title":{"rendered":"Associated Causes"},"content":{"rendered":"\n<p><a href=\"https:\/\/www.fondation-iucpq.org\/\"><img decoding=\"async\" loading=\"lazy\" class=\" wp-image-10352 alignnone\" src=\"https:\/\/www.jecoursqc.com\/wp-content\/uploads\/2018\/02\/FIUCPQ_Logo_CPO_Final_Pantone_CPO_ORANGE-700x270.jpg\" alt=\"\" width=\"493\" height=\"190\" \/><\/a><\/p>\n<p>La Fondation IUCPQ a pour r\u00f4le de promouvoir et de soutenir l\u2019\u0153uvre de l\u2019IUCPQ-UL dont la mission principale est la sant\u00e9 des personnes atteintes de maladies cardiovasculaires, respiratoires et de celles reli\u00e9es \u00e0 l\u2019ob\u00e9sit\u00e9. Au cours des derni\u00e8res ann\u00e9es, la Fondation a contribu\u00e9 pour plus de 25 millions de dollars en finan\u00e7ant l\u2019achat d\u2019\u00e9quipements sp\u00e9cialis\u00e9s et en participant au financement de la recherche et de l\u2019enseignement, et ce, au plus grand b\u00e9n\u00e9fice de la population du centre et de l\u2019est du Qu\u00e9bec, soit plus de 2,2 millions de personnes.<\/p>\n","protected":false},"excerpt":{"rendered":"La Fondation IUCPQ a pour r\u00f4le de promouvoir et de soutenir l\u2019\u0153uvre de l\u2019IUCPQ-UL dont la mission principale est la sant\u00e9 des personnes atteintes de maladies cardiovasculaires, respiratoires et de celles reli\u00e9es \u00e0 l\u2019ob\u00e9sit\u00e9. Au cours des derni\u00e8res ann\u00e9es, la Fondation a contribu\u00e9 pour plus de 25 millions de dollars en finan\u00e7ant l\u2019achat d\u2019\u00e9quipements sp\u00e9cialis\u00e9s&#8230; <a class=\"view-article\" href=\"https:\/\/www.jecoursqc.com\/en\/associated-causes\/\">View Article<\/a>","protected":false},"author":2,"featured_media":0,"parent":0,"menu_order":115,"comment_status":"closed","ping_status":"closed","template":"template-inscription.php","meta":[],"acf":[],"yoast_head":"<!-- This site is optimized with the Yoast SEO plugin v19.10 - https:\/\/yoast.com\/wordpress\/plugins\/seo\/ -->\n<title>Associated Causes - Je Cours Qc<\/title>\n<meta name=\"description\" content=\"Discover the various causes supported by our Je Cours QC races.\" \/>\n<meta name=\"robots\" content=\"index, follow, max-snippet:-1, max-image-preview:large, max-video-preview:-1\" \/>\n<link rel=\"canonical\" href=\"https:\/\/www.jecoursqc.com\/en\/associated-causes\/\" \/>\n<meta property=\"og:locale\" content=\"en_US\" \/>\n<meta property=\"og:type\" content=\"article\" \/>\n<meta property=\"og:title\" content=\"Associated Causes - Je Cours Qc\" \/>\n<meta property=\"og:description\" content=\"Discover the various causes supported by our Je Cours QC races.\" \/>\n<meta property=\"og:url\" content=\"https:\/\/www.jecoursqc.com\/en\/associated-causes\/\" \/>\n<meta property=\"og:site_name\" content=\"Je Cours Qc\" \/>\n<meta property=\"article:publisher\" content=\"https:\/\/www.facebook.com\/jecoursqc\/\" \/>\n<meta property=\"article:modified_time\" content=\"2025-12-02T20:27:42+00:00\" \/>\n<meta property=\"og:image\" content=\"https:\/\/www.jecoursqc.com\/wp-content\/uploads\/2018\/02\/FIUCPQ_Logo_CPO_Final_Pantone_CPO_ORANGE-700x270.jpg\" \/>\n<meta name=\"twitter:card\" content=\"summary_large_image\" \/>\n<meta name=\"twitter:site\" content=\"@jecoursqc\" \/>\n<script type=\"application\/ld+json\" class=\"yoast-schema-graph\">{\"@context\":\"https:\/\/schema.org\",\"@graph\":[{\"@type\":\"WebPage\",\"@id\":\"https:\/\/www.jecoursqc.com\/en\/associated-causes\/\",\"url\":\"https:\/\/www.jecoursqc.com\/en\/associated-causes\/\",\"name\":\"Associated Causes - Je Cours Qc\",\"isPartOf\":{\"@id\":\"https:\/\/www.jecoursqc.com\/#website\"},\"datePublished\":\"2020-12-07T22:12:03+00:00\",\"dateModified\":\"2025-12-02T20:27:42+00:00\",\"description\":\"Discover the various causes supported by our Je Cours QC races.\",\"breadcrumb\":{\"@id\":\"https:\/\/www.jecoursqc.com\/en\/associated-causes\/#breadcrumb\"},\"inLanguage\":\"en-US\",\"potentialAction\":[{\"@type\":\"ReadAction\",\"target\":[\"https:\/\/www.jecoursqc.com\/en\/associated-causes\/\"]}]},{\"@type\":\"BreadcrumbList\",\"@id\":\"https:\/\/www.jecoursqc.com\/en\/associated-causes\/#breadcrumb\",\"itemListElement\":[{\"@type\":\"ListItem\",\"position\":1,\"name\":\"Home\",\"item\":\"https:\/\/www.jecoursqc.com\/en\/\"},{\"@type\":\"ListItem\",\"position\":2,\"name\":\"Associated Causes\"}]},{\"@type\":\"WebSite\",\"@id\":\"https:\/\/www.jecoursqc.com\/#website\",\"url\":\"https:\/\/www.jecoursqc.com\/\",\"name\":\"Je Cours Qc\",\"description\":\"Push your limits, join the race!\",\"potentialAction\":[{\"@type\":\"SearchAction\",\"target\":{\"@type\":\"EntryPoint\",\"urlTemplate\":\"https:\/\/www.jecoursqc.com\/?s={search_term_string}\"},\"query-input\":\"required name=search_term_string\"}],\"inLanguage\":\"en-US\"}]}<\/script>\n<!-- \/ Yoast SEO plugin. -->","yoast_head_json":{"title":"Associated Causes - Je Cours Qc","description":"Discover the various causes supported by our Je Cours QC races.","robots":{"index":"index","follow":"follow","max-snippet":"max-snippet:-1","max-image-preview":"max-image-preview:large","max-video-preview":"max-video-preview:-1"},"canonical":"https:\/\/www.jecoursqc.com\/en\/associated-causes\/","og_locale":"en_US","og_type":"article","og_title":"Associated Causes - Je Cours Qc","og_description":"Discover the various causes supported by our Je Cours QC races.","og_url":"https:\/\/www.jecoursqc.com\/en\/associated-causes\/","og_site_name":"Je Cours Qc","article_publisher":"https:\/\/www.facebook.com\/jecoursqc\/","article_modified_time":"2025-12-02T20:27:42+00:00","og_image":[{"url":"https:\/\/www.jecoursqc.com\/wp-content\/uploads\/2018\/02\/FIUCPQ_Logo_CPO_Final_Pantone_CPO_ORANGE-700x270.jpg"}],"twitter_card":"summary_large_image","twitter_site":"@jecoursqc","schema":{"@context":"https:\/\/schema.org","@graph":[{"@type":"WebPage","@id":"https:\/\/www.jecoursqc.com\/en\/associated-causes\/","url":"https:\/\/www.jecoursqc.com\/en\/associated-causes\/","name":"Associated Causes - Je Cours Qc","isPartOf":{"@id":"https:\/\/www.jecoursqc.com\/#website"},"datePublished":"2020-12-07T22:12:03+00:00","dateModified":"2025-12-02T20:27:42+00:00","description":"Discover the various causes supported by our Je Cours QC races.","breadcrumb":{"@id":"https:\/\/www.jecoursqc.com\/en\/associated-causes\/#breadcrumb"},"inLanguage":"en-US","potentialAction":[{"@type":"ReadAction","target":["https:\/\/www.jecoursqc.com\/en\/associated-causes\/"]}]},{"@type":"BreadcrumbList","@id":"https:\/\/www.jecoursqc.com\/en\/associated-causes\/#breadcrumb","itemListElement":[{"@type":"ListItem","position":1,"name":"Home","item":"https:\/\/www.jecoursqc.com\/en\/"},{"@type":"ListItem","position":2,"name":"Associated Causes"}]},{"@type":"WebSite","@id":"https:\/\/www.jecoursqc.com\/#website","url":"https:\/\/www.jecoursqc.com\/","name":"Je Cours Qc","description":"Push your limits, join the race!","potentialAction":[{"@type":"SearchAction","target":{"@type":"EntryPoint","urlTemplate":"https:\/\/www.jecoursqc.com\/?s={search_term_string}"},"query-input":"required name=search_term_string"}],"inLanguage":"en-US"}]}},"_links":{"self":[{"href":"https:\/\/www.jecoursqc.com\/en\/wp-json\/wp\/v2\/pages\/13609"}],"collection":[{"href":"https:\/\/www.jecoursqc.com\/en\/wp-json\/wp\/v2\/pages"}],"about":[{"href":"https:\/\/www.jecoursqc.com\/en\/wp-json\/wp\/v2\/types\/page"}],"author":[{"embeddable":true,"href":"https:\/\/www.jecoursqc.com\/en\/wp-json\/wp\/v2\/users\/2"}],"replies":[{"embeddable":true,"href":"https:\/\/www.jecoursqc.com\/en\/wp-json\/wp\/v2\/comments?post=13609"}],"version-history":[{"count":3,"href":"https:\/\/www.jecoursqc.com\/en\/wp-json\/wp\/v2\/pages\/13609\/revisions"}],"predecessor-version":[{"id":32484,"href":"https:\/\/www.jecoursqc.com\/en\/wp-json\/wp\/v2\/pages\/13609\/revisions\/32484"}],"wp:attachment":[{"href":"https:\/\/www.jecoursqc.com\/en\/wp-json\/wp\/v2\/media?parent=13609"}],"curies":[{"name":"wp","href":"https:\/\/api.w.org\/{rel}","templated":true}]}}