{"id":10883,"date":"2019-12-03T21:18:02","date_gmt":"2019-12-03T20:18:02","guid":{"rendered":"https:\/\/www.jecoursqc.com\/?page_id=10883\/"},"modified":"2025-10-23T21:30:22","modified_gmt":"2025-10-23T20:30:22","slug":"groups","status":"publish","type":"page","link":"https:\/\/www.jecoursqc.com\/en\/register\/groups\/","title":{"rendered":"Groups"},"content":{"rendered":"<h2>OBTENEZ LA RECONNAISSANCE EMPLOYEUR ACTIF par <a href=\"https:\/\/www.olympe.com\/fr\/employeur-actif\/\">OLYMPE<\/a><\/h2>\n<div id=\"page-heading-left\"><\/div>\n<h4><img decoding=\"async\" loading=\"lazy\" width=\"227\" height=\"286\" class=\"size-full wp-image-9440 alignleft\" src=\"https:\/\/www.jecoursqc.com\/wp-content\/uploads\/2017\/02\/Employeur-Actif-X-Olympe.jpg\" alt=\"\" srcset=\"https:\/\/www.jecoursqc.com\/wp-content\/uploads\/2017\/02\/Employeur-Actif-X-Olympe.jpg 227w, https:\/\/www.jecoursqc.com\/wp-content\/uploads\/2017\/02\/Employeur-Actif-X-Olympe-120x151.jpg 120w\" sizes=\"(max-width: 227px) 100vw, 227px\" \/><\/h4>\n<h4>Qu\u2019est-ce que \u00e7a inclut\u00a0?<\/h4>\n<ul>\n<li>Des initiatives sant\u00e9 et mieux-\u00eatre \u00e0 tarification pr\u00e9f\u00e9rentielle (questionnaire sur les habitudes de vie offert \u00e0 tous les employ\u00e9s, portrait sant\u00e9 de l\u2019entreprise, \u00e9valuation de la condition physique, encadrement individuel et organisationnel, conf\u00e9rence de lancement, etc.)<\/li>\n<li>L\u2019inscription \u00e0 l\u2019un des \u00e9v\u00e9nements Je Cours Qc aux tarifs corporatifs (dossard au nom de l\u2019employ\u00e9, t-shirt, m\u00e9daille, collation d\u2019apr\u00e8s-course, zone de retrouvailles d\u2019apr\u00e8s-course identifi\u00e9e aux couleurs de l\u2019entreprise, photo de groupe, mention sur les m\u00e9dias sociaux de Je Cours Qc, etc.)<\/li>\n<li>Une infolettre de motivation \u00e0 fr\u00e9quence r\u00e9guli\u00e8re<\/li>\n<li>L\u2019acc\u00e8s \u00e0 des plans d\u2019entra\u00eenement sp\u00e9cifiques selon l\u2019\u00e9preuve choisie<\/li>\n<li>Le logo de votre entreprise sera ajout\u00e9 sur le tableau d\u2019honneur des \u00ab Employeurs actifs \u00bb sur le site web de Je Cours Qc<\/li>\n<\/ul>\n<div class=\"column1\">\n<div class=\"wrap-no-fullwidth\">\n<div class=\"section-widget-heading\">\n<h2 class=\"section-widget-title\">DES \u00c9TAPES SIMPLES<\/h2>\n<\/div>\n<\/div>\n<\/div>\n<div class=\"column1 content\">\n<ul class=\"custom-list icon-square-bold border-none icon-color-blue text-color-black\">\n<li>\u00a0Mettez en place des initiatives offertes par Olympe.<\/li>\n<li>\u00a0Formez un groupe de 10 participants minimum \u00e0 un m\u00eame \u00e9v\u00e9nement.<\/li>\n<li>\u00a0Un\u00a0employ\u00e9 s\u2019occupe de l&#8217;inscription du groupe\u00a0\u00e0 l&#8217;\u00e9v\u00e9nement Je Cours Qc de son choix.<\/li>\n<li>\u00a0L\u2019entreprise re\u00e7oit un rapport d\u2019inscription pour s\u2019assurer que les conditions soient respect\u00e9es.<\/li>\n<li>\u00a0Les employ\u00e9s se pr\u00e9sentent \u00e0 la remise de dossards au jour et lieu indiqu\u00e9s en fonction de l\u2019\u00e9v\u00e9nement.<\/li>\n<li>\u00a0Tout le monde court ! L\u2019entreprise obtient la reconnaissance<strong> Employeur Actif<\/strong>.<\/li>\n<\/ul>\n<\/div>\n<p><iframe loading=\"lazy\" title=\"Employeur actif - Olympe X Je Cours Qc\" width=\"900\" height=\"506\" src=\"https:\/\/www.youtube.com\/embed\/QrBnExeVd4s?feature=oembed\" frameborder=\"0\" allow=\"accelerometer; autoplay; clipboard-write; encrypted-media; gyroscope; picture-in-picture; web-share\" referrerpolicy=\"strict-origin-when-cross-origin\" allowfullscreen><\/iframe><\/p>\n","protected":false},"excerpt":{"rendered":"OBTENEZ LA RECONNAISSANCE EMPLOYEUR ACTIF par OLYMPE Qu\u2019est-ce que \u00e7a inclut\u00a0? Des initiatives sant\u00e9 et mieux-\u00eatre \u00e0 tarification pr\u00e9f\u00e9rentielle (questionnaire sur les habitudes de vie offert \u00e0 tous les employ\u00e9s, portrait sant\u00e9 de l\u2019entreprise, \u00e9valuation de la condition physique, encadrement individuel et organisationnel, conf\u00e9rence de lancement, etc.) L\u2019inscription \u00e0 l\u2019un des \u00e9v\u00e9nements Je Cours Qc&#8230; <a class=\"view-article\" href=\"https:\/\/www.jecoursqc.com\/en\/register\/groups\/\">View Article<\/a>","protected":false},"author":2,"featured_media":0,"parent":26740,"menu_order":109,"comment_status":"closed","ping_status":"closed","template":"template-inscription.php","meta":[],"acf":[],"yoast_head":"<!-- This site is optimized with the Yoast SEO plugin v19.10 - https:\/\/yoast.com\/wordpress\/plugins\/seo\/ -->\n<title>Groups - Je Cours Qc<\/title>\n<meta name=\"description\" content=\"Gain access to our exclusive group rates for courses! Share a memorable experience with your circle and take advantage of reduced registration fees.\" \/>\n<meta name=\"robots\" content=\"index, follow, max-snippet:-1, max-image-preview:large, max-video-preview:-1\" \/>\n<link rel=\"canonical\" href=\"https:\/\/www.jecoursqc.com\/en\/register\/groups\/\" \/>\n<meta property=\"og:locale\" content=\"en_US\" \/>\n<meta property=\"og:type\" content=\"article\" \/>\n<meta property=\"og:title\" content=\"Groups - Je Cours Qc\" \/>\n<meta property=\"og:description\" content=\"Gain access to our exclusive group rates for courses! Share a memorable experience with your circle and take advantage of reduced registration fees.\" \/>\n<meta property=\"og:url\" content=\"https:\/\/www.jecoursqc.com\/en\/register\/groups\/\" \/>\n<meta property=\"og:site_name\" content=\"Je Cours Qc\" \/>\n<meta property=\"article:publisher\" content=\"https:\/\/www.facebook.com\/jecoursqc\/\" \/>\n<meta property=\"article:modified_time\" content=\"2025-10-23T20:30:22+00:00\" \/>\n<meta property=\"og:image\" content=\"https:\/\/www.jecoursqc.com\/wp-content\/uploads\/2017\/02\/Employeur-Actif-X-Olympe.jpg\" \/>\n<meta name=\"twitter:card\" content=\"summary_large_image\" \/>\n<meta name=\"twitter:site\" content=\"@jecoursqc\" \/>\n<script type=\"application\/ld+json\" class=\"yoast-schema-graph\">{\"@context\":\"https:\/\/schema.org\",\"@graph\":[{\"@type\":\"WebPage\",\"@id\":\"https:\/\/www.jecoursqc.com\/en\/register\/groups\/\",\"url\":\"https:\/\/www.jecoursqc.com\/en\/register\/groups\/\",\"name\":\"Groups - Je Cours Qc\",\"isPartOf\":{\"@id\":\"https:\/\/www.jecoursqc.com\/#website\"},\"datePublished\":\"2019-12-03T20:18:02+00:00\",\"dateModified\":\"2025-10-23T20:30:22+00:00\",\"description\":\"Gain access to our exclusive group rates for courses! Share a memorable experience with your circle and take advantage of reduced registration fees.\",\"breadcrumb\":{\"@id\":\"https:\/\/www.jecoursqc.com\/en\/register\/groups\/#breadcrumb\"},\"inLanguage\":\"en-US\",\"potentialAction\":[{\"@type\":\"ReadAction\",\"target\":[\"https:\/\/www.jecoursqc.com\/en\/register\/groups\/\"]}]},{\"@type\":\"BreadcrumbList\",\"@id\":\"https:\/\/www.jecoursqc.com\/en\/register\/groups\/#breadcrumb\",\"itemListElement\":[{\"@type\":\"ListItem\",\"position\":1,\"name\":\"Home\",\"item\":\"https:\/\/www.jecoursqc.com\/en\/\"},{\"@type\":\"ListItem\",\"position\":2,\"name\":\"Register\",\"item\":\"https:\/\/www.jecoursqc.com\/en\/register\/\"},{\"@type\":\"ListItem\",\"position\":3,\"name\":\"Groups\"}]},{\"@type\":\"WebSite\",\"@id\":\"https:\/\/www.jecoursqc.com\/#website\",\"url\":\"https:\/\/www.jecoursqc.com\/\",\"name\":\"Je Cours Qc\",\"description\":\"Push your limits, join the race!\",\"potentialAction\":[{\"@type\":\"SearchAction\",\"target\":{\"@type\":\"EntryPoint\",\"urlTemplate\":\"https:\/\/www.jecoursqc.com\/?s={search_term_string}\"},\"query-input\":\"required name=search_term_string\"}],\"inLanguage\":\"en-US\"}]}<\/script>\n<!-- \/ Yoast SEO plugin. -->","yoast_head_json":{"title":"Groups - Je Cours Qc","description":"Gain access to our exclusive group rates for courses! Share a memorable experience with your circle and take advantage of reduced registration fees.","robots":{"index":"index","follow":"follow","max-snippet":"max-snippet:-1","max-image-preview":"max-image-preview:large","max-video-preview":"max-video-preview:-1"},"canonical":"https:\/\/www.jecoursqc.com\/en\/register\/groups\/","og_locale":"en_US","og_type":"article","og_title":"Groups - Je Cours Qc","og_description":"Gain access to our exclusive group rates for courses! Share a memorable experience with your circle and take advantage of reduced registration fees.","og_url":"https:\/\/www.jecoursqc.com\/en\/register\/groups\/","og_site_name":"Je Cours Qc","article_publisher":"https:\/\/www.facebook.com\/jecoursqc\/","article_modified_time":"2025-10-23T20:30:22+00:00","og_image":[{"url":"https:\/\/www.jecoursqc.com\/wp-content\/uploads\/2017\/02\/Employeur-Actif-X-Olympe.jpg"}],"twitter_card":"summary_large_image","twitter_site":"@jecoursqc","schema":{"@context":"https:\/\/schema.org","@graph":[{"@type":"WebPage","@id":"https:\/\/www.jecoursqc.com\/en\/register\/groups\/","url":"https:\/\/www.jecoursqc.com\/en\/register\/groups\/","name":"Groups - Je Cours Qc","isPartOf":{"@id":"https:\/\/www.jecoursqc.com\/#website"},"datePublished":"2019-12-03T20:18:02+00:00","dateModified":"2025-10-23T20:30:22+00:00","description":"Gain access to our exclusive group rates for courses! Share a memorable experience with your circle and take advantage of reduced registration fees.","breadcrumb":{"@id":"https:\/\/www.jecoursqc.com\/en\/register\/groups\/#breadcrumb"},"inLanguage":"en-US","potentialAction":[{"@type":"ReadAction","target":["https:\/\/www.jecoursqc.com\/en\/register\/groups\/"]}]},{"@type":"BreadcrumbList","@id":"https:\/\/www.jecoursqc.com\/en\/register\/groups\/#breadcrumb","itemListElement":[{"@type":"ListItem","position":1,"name":"Home","item":"https:\/\/www.jecoursqc.com\/en\/"},{"@type":"ListItem","position":2,"name":"Register","item":"https:\/\/www.jecoursqc.com\/en\/register\/"},{"@type":"ListItem","position":3,"name":"Groups"}]},{"@type":"WebSite","@id":"https:\/\/www.jecoursqc.com\/#website","url":"https:\/\/www.jecoursqc.com\/","name":"Je Cours Qc","description":"Push your limits, join the race!","potentialAction":[{"@type":"SearchAction","target":{"@type":"EntryPoint","urlTemplate":"https:\/\/www.jecoursqc.com\/?s={search_term_string}"},"query-input":"required name=search_term_string"}],"inLanguage":"en-US"}]}},"_links":{"self":[{"href":"https:\/\/www.jecoursqc.com\/en\/wp-json\/wp\/v2\/pages\/10883"}],"collection":[{"href":"https:\/\/www.jecoursqc.com\/en\/wp-json\/wp\/v2\/pages"}],"about":[{"href":"https:\/\/www.jecoursqc.com\/en\/wp-json\/wp\/v2\/types\/page"}],"author":[{"embeddable":true,"href":"https:\/\/www.jecoursqc.com\/en\/wp-json\/wp\/v2\/users\/2"}],"replies":[{"embeddable":true,"href":"https:\/\/www.jecoursqc.com\/en\/wp-json\/wp\/v2\/comments?post=10883"}],"version-history":[{"count":4,"href":"https:\/\/www.jecoursqc.com\/en\/wp-json\/wp\/v2\/pages\/10883\/revisions"}],"predecessor-version":[{"id":32286,"href":"https:\/\/www.jecoursqc.com\/en\/wp-json\/wp\/v2\/pages\/10883\/revisions\/32286"}],"up":[{"embeddable":true,"href":"https:\/\/www.jecoursqc.com\/en\/wp-json\/wp\/v2\/pages\/26740"}],"wp:attachment":[{"href":"https:\/\/www.jecoursqc.com\/en\/wp-json\/wp\/v2\/media?parent=10883"}],"curies":[{"name":"wp","href":"https:\/\/api.w.org\/{rel}","templated":true}]}}